{"id":369,"date":"2020-11-20T05:00:30","date_gmt":"2020-11-20T05:00:30","guid":{"rendered":"https:\/\/www.sentinel.qc.ca\/rentals-management-in-syndicates-of-co-ownership\/"},"modified":"2021-02-05T21:34:20","modified_gmt":"2021-02-05T16:34:20","slug":"rentals-management-in-co-ownership","status":"publish","type":"page","link":"https:\/\/www.sentinel.qc.ca\/en\/rentals-management-in-co-ownership\/","title":{"rendered":"Rental&#8217;s management in co-ownership"},"content":{"rendered":"\n<section id=\"two-column-layoutblock_5fb7319b83480\" class=\"b-two-column-layout image-contain content-right\">\n\t\n\t<div class=\"b-two-column-layout__inner\">\n\t\t\n\t\t\t\n\t\t\t\t\t<!-- First Block Text -->\n\t\t\t<div class=\"text-wrapper\">\t\n\t\t\t\t<h2>RENTAL&#8217;S MANAGEMENT IN CO-OWNERSHIP<\/h2>\n<p class=\"p1\">The Qu\u00e9bec real estate market has seen unprecedented growth over the past few years, particularly for syndicates of co-ownership. Since 2010, Sentinel has offered to a few hundreds of investors a turnkey solution for the management of their condos. We provide a complete management service that includes the rental of units. Our innovative solutions are customized for investors and will help you achieve the best return on your investment. Those personalized solutions are directly related to the environment of the investors and are made to create better results, it is our way to exceed the expectations.<\/p>\n\t\t\t<\/div>\n\t\t\t\t\n\t\t\t\t\n\t\t\t\t\n\t\t\t\t\t\n\t\t\t\t\n\t\t\t\t\t<!-- Second Block Image -->\n\t\t\t<figure class=\"content-wrapper\">\n\t\t\t\t<img \n\t\t\t\talt=\"\" \n\t\t\t\t\t\t\t\tsrc=\"https:\/\/www.sentinel.qc.ca\/wp-content\/uploads\/2020\/11\/copropriete-locatif.jpg\">\n\t\t\t\t\t\t\t<\/figure>\n\t\t\t\t\n\t\t\t\n\t<\/div>\n\t\n<\/section>\n\n\n<section id=\"two-column-layoutblock_5fb731ae83481\" class=\"b-two-column-layout content-left\">\n\t\n\t<div class=\"b-two-column-layout__inner\">\n\t\t\n\t\t\t\n\t\t\t\t\n\t\t\t\t\t<!-- First Block Image -->\n\t\t\t<figure class=\"content-wrapper\">\n\t\t\t\t<img \n\t\t\t\talt=\"\"\n\t\t\t\t\t\t\t\tsrc=\"https:\/\/www.sentinel.qc.ca\/wp-content\/uploads\/2020\/11\/location-service-24-7.jpg\"> \n\t\t\t\t\t\t\t<\/figure>\n\t\t\t\t\n\t\t\t\t\n\t\t\t\t\t\n\t\t\t\t\t<!-- Second Block Text -->\n\t\t\t<div class=\"text-wrapper\">\t\n\t\t\t\t<p><strong>Sentinel<\/strong> vous offre :<\/p>\n<p>LOCATION, ADMINISTRATION ET GESTION DES TRAVAUX<\/p>\n<ul>\n<li>Mise en march\u00e9 sur notre site internet zonecondos.com<\/li>\n<li>Publicit\u00e9 sur plusieurs sites de location<\/li>\n<li>Agent de location disponible 7 jours sur 7<\/li>\n<li>Signature des baux<\/li>\n<li>Enqu\u00eates de cr\u00e9dit et v\u00e9rification des r\u00e9f\u00e9rences<\/li>\n<li>Perceptions et d\u00e9p\u00f4ts des loyers<\/li>\n<li>Gestion des travaux, comptes \u00e0 payer et \u00e9mission mensuelle des paiements aux fournisseurs<\/li>\n<li>Gestion des diverses t\u00e2ches administratives<\/li>\n<li>Repr\u00e9sentations \u00e0 la R\u00e9gie du Logement<\/li>\n<li>Correspondances diverses avec les locataires<\/li>\n<li>Service d\u2019urgence 24 heures par jour, 365 jours par ann\u00e9e<\/li>\n<li>Distribution des avis de renouvellement<\/li>\n<li>Remise de fonds mensuelle aux investisseurs<\/li>\n<\/ul>\n\t\t\t<\/div>\n\t\t\t\t\n\t\t\t\t\n\t\t\t\n\t<\/div>\n\t\n<\/section>\n\n\n<section id=\"two-column-layoutblock_5fb731c283482\" class=\"b-two-column-layout content-right\">\n\t\n\t<div class=\"b-two-column-layout__inner\">\n\t\t\n\t\t\t\n\t\t\t\t\t<!-- First Block Text -->\n\t\t\t<div class=\"text-wrapper\">\t\n\t\t\t\t<p class=\"p1\"><strong>Sentinel<\/strong> is a dynamic, responsible and professional team. Its goal is to ensure that its clients benefit from peace of mind and unparalleled quality of services. Each of the members of our team takes pride in being entirely dedicated to the satisfaction of his or her clients and constantly takes it a step further. The vast array of skills available within the <strong>Sentinel<\/strong> team contributes to achieving our superior quality objectives.<\/p>\n<p class=\"p1\">Our primary goal is to help maximize your profitability by ensuring optimum rental price according to the market.<span class=\"Apple-converted-space\">\u00a0 <\/span>For this purpose, the experience of our employees, who have in-depth knowledge of the real-estate market, enables us to optimize the rental income of each condo managed by <strong>Sentinel<\/strong>. All our actions are coordinated in order to increase the economic value of your investment while maximizing the quality of life of existing tenants.<\/p>\n\t\t\t<\/div>\n\t\t\t\t\n\t\t\t\t\n\t\t\t\t\n\t\t\t\t\t\n\t\t\t\t\n\t\t\t\t\t<!-- Second Block Image -->\n\t\t\t<figure class=\"content-wrapper\">\n\t\t\t\t<img \n\t\t\t\talt=\"\" \n\t\t\t\t\t\t\t\tsrc=\"https:\/\/www.sentinel.qc.ca\/wp-content\/uploads\/2020\/12\/femme-sur-mobile.jpg\">\n\t\t\t\t\t\t\t<\/figure>\n\t\t\t\t\n\t\t\t\n\t<\/div>\n\t\n<\/section>","protected":false},"excerpt":{"rendered":"","protected":false},"author":1,"featured_media":0,"parent":0,"menu_order":0,"comment_status":"closed","ping_status":"closed","template":"\/templates\/two-blocks\/two-blocks.php","meta":{"_acf_changed":false,"footnotes":""},"class_list":["post-369","page","type-page","status-publish","hentry"],"acf":[],"yoast_head":"<!-- This site is optimized with the Yoast SEO plugin v26.8 - https:\/\/yoast.com\/product\/yoast-seo-wordpress\/ -->\n<title>Rental&#039;s management in co-ownership | Sentinel Real Estate Management<\/title>\n<meta name=\"description\" content=\"Sentinel has offered to a few hundreds of investors a turnkey solution for the management of their condos.\" \/>\n<meta name=\"robots\" content=\"index, follow, max-snippet:-1, max-image-preview:large, max-video-preview:-1\" \/>\n<link rel=\"canonical\" href=\"https:\/\/www.sentinel.qc.ca\/en\/rentals-management-in-co-ownership\/\" \/>\n<meta property=\"og:locale\" content=\"en_US\" \/>\n<meta property=\"og:type\" content=\"article\" \/>\n<meta property=\"og:title\" content=\"Rental&#039;s management in co-ownership | Sentinel Real Estate Management\" \/>\n<meta property=\"og:description\" content=\"Sentinel has offered to a few hundreds of investors a turnkey solution for the management of their condos.\" \/>\n<meta property=\"og:url\" content=\"https:\/\/www.sentinel.qc.ca\/en\/rentals-management-in-co-ownership\/\" \/>\n<meta property=\"og:site_name\" content=\"Sentinel\" \/>\n<meta property=\"article:modified_time\" content=\"2021-02-05T16:34:20+00:00\" \/>\n<meta name=\"twitter:card\" content=\"summary_large_image\" \/>\n<script type=\"application\/ld+json\" class=\"yoast-schema-graph\">{\"@context\":\"https:\/\/schema.org\",\"@graph\":[{\"@type\":\"WebPage\",\"@id\":\"https:\/\/www.sentinel.qc.ca\/en\/rentals-management-in-co-ownership\/\",\"url\":\"https:\/\/www.sentinel.qc.ca\/en\/rentals-management-in-co-ownership\/\",\"name\":\"Rental's management in co-ownership | Sentinel Real Estate Management\",\"isPartOf\":{\"@id\":\"https:\/\/www.sentinel.qc.ca\/en\/#website\"},\"datePublished\":\"2020-11-20T05:00:30+00:00\",\"dateModified\":\"2021-02-05T16:34:20+00:00\",\"description\":\"Sentinel has offered to a few hundreds of investors a turnkey solution for the management of their condos.\",\"inLanguage\":\"en-US\",\"potentialAction\":[{\"@type\":\"ReadAction\",\"target\":[\"https:\/\/www.sentinel.qc.ca\/en\/rentals-management-in-co-ownership\/\"]}]},{\"@type\":\"WebSite\",\"@id\":\"https:\/\/www.sentinel.qc.ca\/en\/#website\",\"url\":\"https:\/\/www.sentinel.qc.ca\/en\/\",\"name\":\"Sentinel\",\"description\":\"Gestion Immobili\u00e8re\",\"potentialAction\":[{\"@type\":\"SearchAction\",\"target\":{\"@type\":\"EntryPoint\",\"urlTemplate\":\"https:\/\/www.sentinel.qc.ca\/en\/?s={search_term_string}\"},\"query-input\":{\"@type\":\"PropertyValueSpecification\",\"valueRequired\":true,\"valueName\":\"search_term_string\"}}],\"inLanguage\":\"en-US\"}]}<\/script>\n<!-- \/ Yoast SEO plugin. -->","yoast_head_json":{"title":"Rental's management in co-ownership | Sentinel Real Estate Management","description":"Sentinel has offered to a few hundreds of investors a turnkey solution for the management of their condos.","robots":{"index":"index","follow":"follow","max-snippet":"max-snippet:-1","max-image-preview":"max-image-preview:large","max-video-preview":"max-video-preview:-1"},"canonical":"https:\/\/www.sentinel.qc.ca\/en\/rentals-management-in-co-ownership\/","og_locale":"en_US","og_type":"article","og_title":"Rental's management in co-ownership | Sentinel Real Estate Management","og_description":"Sentinel has offered to a few hundreds of investors a turnkey solution for the management of their condos.","og_url":"https:\/\/www.sentinel.qc.ca\/en\/rentals-management-in-co-ownership\/","og_site_name":"Sentinel","article_modified_time":"2021-02-05T16:34:20+00:00","twitter_card":"summary_large_image","schema":{"@context":"https:\/\/schema.org","@graph":[{"@type":"WebPage","@id":"https:\/\/www.sentinel.qc.ca\/en\/rentals-management-in-co-ownership\/","url":"https:\/\/www.sentinel.qc.ca\/en\/rentals-management-in-co-ownership\/","name":"Rental's management in co-ownership | Sentinel Real Estate Management","isPartOf":{"@id":"https:\/\/www.sentinel.qc.ca\/en\/#website"},"datePublished":"2020-11-20T05:00:30+00:00","dateModified":"2021-02-05T16:34:20+00:00","description":"Sentinel has offered to a few hundreds of investors a turnkey solution for the management of their condos.","inLanguage":"en-US","potentialAction":[{"@type":"ReadAction","target":["https:\/\/www.sentinel.qc.ca\/en\/rentals-management-in-co-ownership\/"]}]},{"@type":"WebSite","@id":"https:\/\/www.sentinel.qc.ca\/en\/#website","url":"https:\/\/www.sentinel.qc.ca\/en\/","name":"Sentinel","description":"Gestion Immobili\u00e8re","potentialAction":[{"@type":"SearchAction","target":{"@type":"EntryPoint","urlTemplate":"https:\/\/www.sentinel.qc.ca\/en\/?s={search_term_string}"},"query-input":{"@type":"PropertyValueSpecification","valueRequired":true,"valueName":"search_term_string"}}],"inLanguage":"en-US"}]}},"_links":{"self":[{"href":"https:\/\/www.sentinel.qc.ca\/en\/wp-json\/wp\/v2\/pages\/369","targetHints":{"allow":["GET"]}}],"collection":[{"href":"https:\/\/www.sentinel.qc.ca\/en\/wp-json\/wp\/v2\/pages"}],"about":[{"href":"https:\/\/www.sentinel.qc.ca\/en\/wp-json\/wp\/v2\/types\/page"}],"author":[{"embeddable":true,"href":"https:\/\/www.sentinel.qc.ca\/en\/wp-json\/wp\/v2\/users\/1"}],"replies":[{"embeddable":true,"href":"https:\/\/www.sentinel.qc.ca\/en\/wp-json\/wp\/v2\/comments?post=369"}],"version-history":[{"count":1,"href":"https:\/\/www.sentinel.qc.ca\/en\/wp-json\/wp\/v2\/pages\/369\/revisions"}],"predecessor-version":[{"id":901,"href":"https:\/\/www.sentinel.qc.ca\/en\/wp-json\/wp\/v2\/pages\/369\/revisions\/901"}],"wp:attachment":[{"href":"https:\/\/www.sentinel.qc.ca\/en\/wp-json\/wp\/v2\/media?parent=369"}],"curies":[{"name":"wp","href":"https:\/\/api.w.org\/{rel}","templated":true}]}}